{"id":36612,"date":"2023-07-27T14:06:08","date_gmt":"2023-07-27T12:06:08","guid":{"rendered":"https:\/\/www.btm-europe.de\/?page_id=36612"},"modified":"2025-08-13T07:16:17","modified_gmt":"2025-08-13T05:16:17","slug":"clinching","status":"publish","type":"page","link":"https:\/\/www.btm-europe.de\/it\/clinching\/","title":{"rendered":"Clinching IT"},"content":{"rendered":"\t\t<div data-elementor-type=\"wp-page\" data-elementor-id=\"36612\" class=\"elementor elementor-36612 elementor-5513\" data-elementor-settings=\"{&quot;ha_cmc_init_switcher&quot;:&quot;no&quot;}\" data-elementor-post-type=\"page\">\n\t\t\t\t\t\t<section class=\"elementor-section elementor-top-section elementor-element elementor-element-5730475 elementor-section-height-min-height elementor-section-boxed elementor-section-height-default elementor-section-items-middle\" data-id=\"5730475\" data-element_type=\"section\" data-e-type=\"section\" data-settings=\"{&quot;background_background&quot;:&quot;classic&quot;}\">\n\t\t\t\t\t\t<div class=\"elementor-container elementor-column-gap-default\">\n\t\t\t\t\t<div class=\"elementor-column elementor-col-50 elementor-top-column elementor-element elementor-element-772ae2d\" data-id=\"772ae2d\" data-element_type=\"column\" data-e-type=\"column\">\n\t\t\t<div class=\"elementor-widget-wrap elementor-element-populated\">\n\t\t\t\t\t\t<div class=\"elementor-element elementor-element-685f059 elementor-widget elementor-widget-heading\" data-id=\"685f059\" data-element_type=\"widget\" data-e-type=\"widget\" data-widget_type=\"heading.default\">\n\t\t\t\t\t<h1 class=\"elementor-heading-title elementor-size-default\">Clinciatura con<br>\ni sistemi di clinciatura BTM<\/h1>\t\t\t\t<\/div>\n\t\t\t\t<div class=\"elementor-element elementor-element-da6b706 elementor-widget elementor-widget-text-editor\" data-id=\"da6b706\" data-element_type=\"widget\" data-e-type=\"widget\" data-widget_type=\"text-editor.default\">\n\t\t\t\t\t\t\t\t\t<p>Il clinching unisce lamiere e profili di diversi materiali, spessori, duttilit\u00e0 e dimensioni. Il <strong>processo, affidabile ed economico<\/strong>, produce giunzioni stabili in grado di sopportare <strong>elevate forze statiche e sollecitazioni dinamiche<\/strong>. I sistemi di clinciatura BTM si distinguono in particolare per la loro insensibilit\u00e0 alle variazioni di spessore delle lamiere e ai rivestimenti superficiali, nonch\u00e9 per la capacit\u00e0 di unire lamiere asciutte o oliate a costi contenuti.<\/p><p>Em compara\u00e7\u00e3o com outras liga\u00e7\u00f5es, como a soldadura por pontos, rebitagem, aparafusamento ou colagem, \u00e9 tamb\u00e9m uma solu\u00e7\u00e3o <strong>atractiva e econ\u00f3mica<\/strong>.<\/p><p>Volete saperne di pi\u00f9 sul clinching: <b><a style=\"color: white;\" href=\"\/en\/clinching\/\">Clinching<\/a><\/b><\/p>\t\t\t\t\t\t\t\t<\/div>\n\t\t\t\t\t<\/div>\n\t\t<\/div>\n\t\t\t\t<div class=\"elementor-column elementor-col-50 elementor-top-column elementor-element elementor-element-b772862\" data-id=\"b772862\" data-element_type=\"column\" data-e-type=\"column\">\n\t\t\t<div class=\"elementor-widget-wrap elementor-element-populated\">\n\t\t\t\t\t\t<div class=\"elementor-element elementor-element-3f4ca35 elementor-widget elementor-widget-video\" data-id=\"3f4ca35\" data-element_type=\"widget\" data-e-type=\"widget\" data-settings=\"{&quot;video_type&quot;:&quot;hosted&quot;,&quot;autoplay&quot;:&quot;yes&quot;,&quot;play_on_mobile&quot;:&quot;yes&quot;,&quot;mute&quot;:&quot;yes&quot;,&quot;loop&quot;:&quot;yes&quot;,&quot;start&quot;:3,&quot;controls&quot;:&quot;yes&quot;}\" data-widget_type=\"video.default\">\n\t\t\t\t\t\t\t<div class=\"e-hosted-video elementor-wrapper elementor-open-inline\">\n\t\t\t\t\t<video class=\"elementor-video\" src=\"https:\/\/www.btm-europe.de\/wp-content\/uploads\/2022\/10\/clinchen_video.mp4#t=3\" autoplay=\"\" loop=\"\" controls=\"\" muted=\"muted\" playsinline=\"\"><\/video>\n\t\t\t\t<\/div>\n\t\t\t\t\t\t<\/div>\n\t\t\t\t\t<\/div>\n\t\t<\/div>\n\t\t\t\t\t<\/div>\n\t\t<\/section>\n\t\t\t\t<section class=\"elementor-section elementor-top-section elementor-element elementor-element-d6fe7af elementor-section-boxed elementor-section-height-default elementor-section-height-default\" data-id=\"d6fe7af\" data-element_type=\"section\" data-e-type=\"section\">\n\t\t\t\t\t\t<div class=\"elementor-container elementor-column-gap-default\">\n\t\t\t\t\t<div class=\"elementor-column elementor-col-100 elementor-top-column elementor-element elementor-element-9992ba2\" data-id=\"9992ba2\" data-element_type=\"column\" data-e-type=\"column\">\n\t\t\t<div class=\"elementor-widget-wrap elementor-element-populated\">\n\t\t\t\t\t\t<div class=\"elementor-element elementor-element-0bbbbd9 elementor-widget elementor-widget-image\" data-id=\"0bbbbd9\" data-element_type=\"widget\" data-e-type=\"widget\" data-widget_type=\"image.default\">\n\t\t\t\t\t\t\t\t\t\t\t\t\t\t\t<img fetchpriority=\"high\" decoding=\"async\" width=\"1024\" height=\"503\" src=\"https:\/\/www.btm-europe.de\/wp-content\/uploads\/2023\/07\/clinching-italia-carta.png\" class=\"attachment-large size-large wp-image-37015\" alt=\"clinching italia carta\" srcset=\"https:\/\/www.btm-europe.de\/wp-content\/uploads\/2023\/07\/clinching-italia-carta.png 1024w, https:\/\/www.btm-europe.de\/wp-content\/uploads\/2023\/07\/clinching-italia-carta-300x147.png 300w, https:\/\/www.btm-europe.de\/wp-content\/uploads\/2023\/07\/clinching-italia-carta-768x377.png 768w\" sizes=\"(max-width: 1024px) 100vw, 1024px\" \/>\t\t\t\t\t\t\t\t\t\t\t\t\t\t\t<\/div>\n\t\t\t\t\t<\/div>\n\t\t<\/div>\n\t\t\t\t\t<\/div>\n\t\t<\/section>\n\t\t\t\t<\/div>\n\t\t","protected":false},"excerpt":{"rendered":"<p>Clinciatura con i sistemi di clinciatura BTM Il clinching unisce lamiere e profili di diversi materiali, spessori, duttilit\u00e0 e dimensioni. Il processo, affidabile ed economico, produce giunzioni stabili in grado di sopportare elevate forze statiche e sollecitazioni dinamiche. I sistemi di clinciatura BTM si distinguono in particolare per la loro insensibilit\u00e0 alle variazioni di spessore [&hellip;]<\/p>\n","protected":false},"author":3,"featured_media":0,"parent":0,"menu_order":0,"comment_status":"closed","ping_status":"closed","template":"elementor_header_footer","meta":{"_acf_changed":false,"inline_featured_image":false,"site-sidebar-layout":"no-sidebar","site-content-layout":"page-builder","ast-site-content-layout":"full-width-container","site-content-style":"unboxed","site-sidebar-style":"unboxed","ast-global-header-display":"","ast-banner-title-visibility":"","ast-main-header-display":"","ast-hfb-above-header-display":"","ast-hfb-below-header-display":"","ast-hfb-mobile-header-display":"","site-post-title":"disabled","ast-breadcrumbs-content":"","ast-featured-img":"disabled","footer-sml-layout":"","ast-disable-related-posts":"","theme-transparent-header-meta":"default","adv-header-id-meta":"","stick-header-meta":"","header-above-stick-meta":"","header-main-stick-meta":"","header-below-stick-meta":"","astra-migrate-meta-layouts":"default","ast-page-background-enabled":"default","ast-page-background-meta":{"desktop":{"background-color":"var(--ast-global-color-4)","background-image":"","background-repeat":"repeat","background-position":"center center","background-size":"auto","background-attachment":"scroll","background-type":"","background-media":"","overlay-type":"","overlay-color":"","overlay-opacity":"","overlay-gradient":""},"tablet":{"background-color":"","background-image":"","background-repeat":"repeat","background-position":"center center","background-size":"auto","background-attachment":"scroll","background-type":"","background-media":"","overlay-type":"","overlay-color":"","overlay-opacity":"","overlay-gradient":""},"mobile":{"background-color":"","background-image":"","background-repeat":"repeat","background-position":"center center","background-size":"auto","background-attachment":"scroll","background-type":"","background-media":"","overlay-type":"","overlay-color":"","overlay-opacity":"","overlay-gradient":""}},"ast-content-background-meta":{"desktop":{"background-color":"var(--ast-global-color-5)","background-image":"","background-repeat":"repeat","background-position":"center center","background-size":"auto","background-attachment":"scroll","background-type":"","background-media":"","overlay-type":"","overlay-color":"","overlay-opacity":"","overlay-gradient":""},"tablet":{"background-color":"var(--ast-global-color-5)","background-image":"","background-repeat":"repeat","background-position":"center center","background-size":"auto","background-attachment":"scroll","background-type":"","background-media":"","overlay-type":"","overlay-color":"","overlay-opacity":"","overlay-gradient":""},"mobile":{"background-color":"var(--ast-global-color-5)","background-image":"","background-repeat":"repeat","background-position":"center center","background-size":"auto","background-attachment":"scroll","background-type":"","background-media":"","overlay-type":"","overlay-color":"","overlay-opacity":"","overlay-gradient":""}},"footnotes":""},"class_list":["post-36612","page","type-page","status-publish","hentry"],"acf":[],"yoast_head":"<!-- This site is optimized with the Yoast SEO plugin v27.0 - https:\/\/yoast.com\/product\/yoast-seo-wordpress\/ -->\n<title>Clinciatura coni sistemi di clinciatura BTM<\/title>\n<meta name=\"description\" content=\"La clinciatura unisce lamiere e profili di diversi materiali, spessori, duttilit\u00e0 e dimensioni. Il vantaggio principale di questo metodo di giunzione rispetto ad altre connessioni \u00e8 la sua economicit\u00e0.\" \/>\n<meta name=\"robots\" content=\"index, follow, max-snippet:-1, max-image-preview:large, max-video-preview:-1\" \/>\n<link rel=\"canonical\" href=\"https:\/\/www.btm-europe.de\/it\/clinching\/\" \/>\n<script type=\"application\/ld+json\" class=\"yoast-schema-graph\">{\"@context\":\"https:\/\/schema.org\",\"@graph\":[{\"@type\":\"WebPage\",\"@id\":\"https:\/\/www.btm-europe.de\/it\/clinching\/\",\"url\":\"https:\/\/www.btm-europe.de\/it\/clinching\/\",\"name\":\"Clinciatura coni sistemi di clinciatura BTM\",\"isPartOf\":{\"@id\":\"https:\/\/www.btm-europe.de\/de\/#website\"},\"primaryImageOfPage\":{\"@id\":\"https:\/\/www.btm-europe.de\/it\/clinching\/#primaryimage\"},\"image\":{\"@id\":\"https:\/\/www.btm-europe.de\/it\/clinching\/#primaryimage\"},\"thumbnailUrl\":\"https:\/\/www.btm-europe.de\/wp-content\/uploads\/2023\/07\/clinching-italia-carta.png\",\"datePublished\":\"2023-07-27T12:06:08+00:00\",\"dateModified\":\"2025-08-13T05:16:17+00:00\",\"description\":\"La clinciatura unisce lamiere e profili di diversi materiali, spessori, duttilit\u00e0 e dimensioni. Il vantaggio principale di questo metodo di giunzione rispetto ad altre connessioni \u00e8 la sua economicit\u00e0.\",\"breadcrumb\":{\"@id\":\"https:\/\/www.btm-europe.de\/it\/clinching\/#breadcrumb\"},\"inLanguage\":\"it-IT\",\"potentialAction\":[{\"@type\":\"ReadAction\",\"target\":[\"https:\/\/www.btm-europe.de\/it\/clinching\/\"]}]},{\"@type\":\"ImageObject\",\"inLanguage\":\"it-IT\",\"@id\":\"https:\/\/www.btm-europe.de\/it\/clinching\/#primaryimage\",\"url\":\"https:\/\/www.btm-europe.de\/wp-content\/uploads\/2023\/07\/clinching-italia-carta.png\",\"contentUrl\":\"https:\/\/www.btm-europe.de\/wp-content\/uploads\/2023\/07\/clinching-italia-carta.png\"},{\"@type\":\"BreadcrumbList\",\"@id\":\"https:\/\/www.btm-europe.de\/it\/clinching\/#breadcrumb\",\"itemListElement\":[{\"@type\":\"ListItem\",\"position\":1,\"name\":\"Startseite\",\"item\":\"https:\/\/www.btm-europe.de\/en\/\"},{\"@type\":\"ListItem\",\"position\":2,\"name\":\"Clinching IT\"}]},{\"@type\":\"WebSite\",\"@id\":\"https:\/\/www.btm-europe.de\/de\/#website\",\"url\":\"https:\/\/www.btm-europe.de\/de\/\",\"name\":\"BTM Europe\",\"description\":\"\",\"publisher\":{\"@id\":\"https:\/\/www.btm-europe.de\/de\/#organization\"},\"potentialAction\":[{\"@type\":\"SearchAction\",\"target\":{\"@type\":\"EntryPoint\",\"urlTemplate\":\"https:\/\/www.btm-europe.de\/de\/?s={search_term_string}\"},\"query-input\":{\"@type\":\"PropertyValueSpecification\",\"valueRequired\":true,\"valueName\":\"search_term_string\"}}],\"inLanguage\":\"it-IT\"},{\"@type\":\"Organization\",\"@id\":\"https:\/\/www.btm-europe.de\/de\/#organization\",\"name\":\"BTM Europe\",\"url\":\"https:\/\/www.btm-europe.de\/de\/\",\"logo\":{\"@type\":\"ImageObject\",\"inLanguage\":\"it-IT\",\"@id\":\"https:\/\/www.btm-europe.de\/de\/#\/schema\/logo\/image\/\",\"url\":\"https:\/\/www.btm-europe.de\/wp-content\/uploads\/2023\/02\/btm-logo-rot.jpg\",\"contentUrl\":\"https:\/\/www.btm-europe.de\/wp-content\/uploads\/2023\/02\/btm-logo-rot.jpg\",\"width\":1000,\"height\":448,\"caption\":\"BTM Europe\"},\"image\":{\"@id\":\"https:\/\/www.btm-europe.de\/de\/#\/schema\/logo\/image\/\"},\"sameAs\":[\"https:\/\/www.linkedin.com\/company\/btmeurope\/?original_referer=httpswwwgooglecom&amp;amp;amp;amp;originalSubdomain=de\"]}]}<\/script>\n<!-- \/ Yoast SEO plugin. -->","yoast_head_json":{"title":"Clinciatura coni sistemi di clinciatura BTM","description":"La clinciatura unisce lamiere e profili di diversi materiali, spessori, duttilit\u00e0 e dimensioni. Il vantaggio principale di questo metodo di giunzione rispetto ad altre connessioni \u00e8 la sua economicit\u00e0.","robots":{"index":"index","follow":"follow","max-snippet":"max-snippet:-1","max-image-preview":"max-image-preview:large","max-video-preview":"max-video-preview:-1"},"canonical":"https:\/\/www.btm-europe.de\/it\/clinching\/","schema":{"@context":"https:\/\/schema.org","@graph":[{"@type":"WebPage","@id":"https:\/\/www.btm-europe.de\/it\/clinching\/","url":"https:\/\/www.btm-europe.de\/it\/clinching\/","name":"Clinciatura coni sistemi di clinciatura BTM","isPartOf":{"@id":"https:\/\/www.btm-europe.de\/de\/#website"},"primaryImageOfPage":{"@id":"https:\/\/www.btm-europe.de\/it\/clinching\/#primaryimage"},"image":{"@id":"https:\/\/www.btm-europe.de\/it\/clinching\/#primaryimage"},"thumbnailUrl":"https:\/\/www.btm-europe.de\/wp-content\/uploads\/2023\/07\/clinching-italia-carta.png","datePublished":"2023-07-27T12:06:08+00:00","dateModified":"2025-08-13T05:16:17+00:00","description":"La clinciatura unisce lamiere e profili di diversi materiali, spessori, duttilit\u00e0 e dimensioni. Il vantaggio principale di questo metodo di giunzione rispetto ad altre connessioni \u00e8 la sua economicit\u00e0.","breadcrumb":{"@id":"https:\/\/www.btm-europe.de\/it\/clinching\/#breadcrumb"},"inLanguage":"it-IT","potentialAction":[{"@type":"ReadAction","target":["https:\/\/www.btm-europe.de\/it\/clinching\/"]}]},{"@type":"ImageObject","inLanguage":"it-IT","@id":"https:\/\/www.btm-europe.de\/it\/clinching\/#primaryimage","url":"https:\/\/www.btm-europe.de\/wp-content\/uploads\/2023\/07\/clinching-italia-carta.png","contentUrl":"https:\/\/www.btm-europe.de\/wp-content\/uploads\/2023\/07\/clinching-italia-carta.png"},{"@type":"BreadcrumbList","@id":"https:\/\/www.btm-europe.de\/it\/clinching\/#breadcrumb","itemListElement":[{"@type":"ListItem","position":1,"name":"Startseite","item":"https:\/\/www.btm-europe.de\/en\/"},{"@type":"ListItem","position":2,"name":"Clinching IT"}]},{"@type":"WebSite","@id":"https:\/\/www.btm-europe.de\/de\/#website","url":"https:\/\/www.btm-europe.de\/de\/","name":"BTM Europe","description":"","publisher":{"@id":"https:\/\/www.btm-europe.de\/de\/#organization"},"potentialAction":[{"@type":"SearchAction","target":{"@type":"EntryPoint","urlTemplate":"https:\/\/www.btm-europe.de\/de\/?s={search_term_string}"},"query-input":{"@type":"PropertyValueSpecification","valueRequired":true,"valueName":"search_term_string"}}],"inLanguage":"it-IT"},{"@type":"Organization","@id":"https:\/\/www.btm-europe.de\/de\/#organization","name":"BTM Europe","url":"https:\/\/www.btm-europe.de\/de\/","logo":{"@type":"ImageObject","inLanguage":"it-IT","@id":"https:\/\/www.btm-europe.de\/de\/#\/schema\/logo\/image\/","url":"https:\/\/www.btm-europe.de\/wp-content\/uploads\/2023\/02\/btm-logo-rot.jpg","contentUrl":"https:\/\/www.btm-europe.de\/wp-content\/uploads\/2023\/02\/btm-logo-rot.jpg","width":1000,"height":448,"caption":"BTM Europe"},"image":{"@id":"https:\/\/www.btm-europe.de\/de\/#\/schema\/logo\/image\/"},"sameAs":["https:\/\/www.linkedin.com\/company\/btmeurope\/?original_referer=httpswwwgooglecom&amp;amp;amp;amp;originalSubdomain=de"]}]}},"_links":{"self":[{"href":"https:\/\/www.btm-europe.de\/it\/wp-json\/wp\/v2\/pages\/36612","targetHints":{"allow":["GET"]}}],"collection":[{"href":"https:\/\/www.btm-europe.de\/it\/wp-json\/wp\/v2\/pages"}],"about":[{"href":"https:\/\/www.btm-europe.de\/it\/wp-json\/wp\/v2\/types\/page"}],"author":[{"embeddable":true,"href":"https:\/\/www.btm-europe.de\/it\/wp-json\/wp\/v2\/users\/3"}],"replies":[{"embeddable":true,"href":"https:\/\/www.btm-europe.de\/it\/wp-json\/wp\/v2\/comments?post=36612"}],"version-history":[{"count":0,"href":"https:\/\/www.btm-europe.de\/it\/wp-json\/wp\/v2\/pages\/36612\/revisions"}],"wp:attachment":[{"href":"https:\/\/www.btm-europe.de\/it\/wp-json\/wp\/v2\/media?parent=36612"}],"curies":[{"name":"wp","href":"https:\/\/api.w.org\/{rel}","templated":true}]}}