{"id":28845,"date":"2023-07-03T08:56:15","date_gmt":"2023-07-03T06:56:15","guid":{"rendered":"https:\/\/www.btm-europe.de\/?page_id=28845"},"modified":"2025-08-13T07:13:54","modified_gmt":"2025-08-13T05:13:54","slug":"clinching","status":"publish","type":"page","link":"https:\/\/www.btm-europe.de\/hu\/clinching\/","title":{"rendered":"Clinching HU"},"content":{"rendered":"\t\t<div data-elementor-type=\"wp-page\" data-elementor-id=\"28845\" class=\"elementor elementor-28845 elementor-5513\" data-elementor-settings=\"{&quot;ha_cmc_init_switcher&quot;:&quot;no&quot;}\" data-elementor-post-type=\"page\">\n\t\t\t\t\t\t<section data-dce-background-color=\"#E4131A\" class=\"elementor-section elementor-top-section elementor-element elementor-element-5730475 elementor-section-height-min-height elementor-section-boxed elementor-section-height-default elementor-section-items-middle\" data-id=\"5730475\" data-element_type=\"section\" data-e-type=\"section\" data-settings=\"{&quot;background_background&quot;:&quot;classic&quot;}\">\n\t\t\t\t\t\t<div class=\"elementor-container elementor-column-gap-default\">\n\t\t\t\t\t<div class=\"elementor-column elementor-col-50 elementor-top-column elementor-element elementor-element-772ae2d\" data-id=\"772ae2d\" data-element_type=\"column\" data-e-type=\"column\">\n\t\t\t<div class=\"elementor-widget-wrap elementor-element-populated\">\n\t\t\t\t\t\t<div class=\"elementor-element elementor-element-685f059 elementor-widget elementor-widget-heading\" data-id=\"685f059\" data-element_type=\"widget\" data-e-type=\"widget\" data-widget_type=\"heading.default\">\n\t\t\t\t\t<h1 class=\"elementor-heading-title elementor-size-default\">R\u00f6gz\u00edt\u00e9s BTM-r\u00f6gz\u00edt\u0151 rendszerekkel<\/h1>\t\t\t\t<\/div>\n\t\t\t\t<div class=\"elementor-element elementor-element-da6b706 elementor-widget elementor-widget-text-editor\" data-id=\"da6b706\" data-element_type=\"widget\" data-e-type=\"widget\" data-widget_type=\"text-editor.default\">\n\t\t\t\t\t\t\t\t\t<p>A k\u00fcl\u00f6nb\u00f6z\u0151 anyag\u00fa, vastags\u00e1g\u00fa, alak\u00edthat\u00f3s\u00e1g\u00fa \u00e9s m\u00e9ret\u0171 lemezek \u00e9s profilok \u00f6sszeilleszt\u00e9se. A <strong>megb\u00edzhat\u00f3 \u00e9s gazdas\u00e1gos elj\u00e1r\u00e1s<\/strong> stabil k\u00f6t\u00e9seket eredm\u00e9nyez, amelyek ellen\u00e1llnak <strong>a nagy statikus er\u0151knek \u00e9s a dinamikus ig\u00e9nybev\u00e9teleknek is<\/strong>. A BTM clinching rendszereket k\u00fcl\u00f6n\u00f6sen az jellemzi, hogy nem \u00e9rz\u00e9kenyek a lemezvastags\u00e1g \u00e9s a fel\u00fcleti bevonatok v\u00e1ltoz\u00e1saira, valamint hogy k\u00e9pesek sz\u00e1raz vagy olajozott lemezeket alacsony k\u00f6lts\u00e9ggel \u00f6sszek\u00f6tni.<\/p><p>M\u00e1s csatlakoz\u00e1sokkal, p\u00e9ld\u00e1ul ponthegeszt\u00e9ssel, szegecsel\u00e9ssel, csavaroz\u00e1ssal vagy ragaszt\u00e1ssal \u00f6sszehasonl\u00edtva ez egy <strong>vonz\u00f3, k\u00f6lts\u00e9ghat\u00e9kony<\/strong> megold\u00e1s.<\/p><p>Kattintson ide, ha a clinchinggel kapcsolatos f\u0151oldalra szeretne l\u00e9pni: <a style=\"color: white;\" href=\"\/en\/clinching\/\"><b>Clinching<\/b><\/a><\/p>\t\t\t\t\t\t\t\t<\/div>\n\t\t\t\t\t<\/div>\n\t\t<\/div>\n\t\t\t\t<div class=\"elementor-column elementor-col-50 elementor-top-column elementor-element elementor-element-b772862\" data-id=\"b772862\" data-element_type=\"column\" data-e-type=\"column\">\n\t\t\t<div class=\"elementor-widget-wrap elementor-element-populated\">\n\t\t\t\t\t\t<div class=\"elementor-element elementor-element-3f4ca35 elementor-widget elementor-widget-video\" data-id=\"3f4ca35\" data-element_type=\"widget\" data-e-type=\"widget\" data-settings=\"{&quot;video_type&quot;:&quot;hosted&quot;,&quot;autoplay&quot;:&quot;yes&quot;,&quot;play_on_mobile&quot;:&quot;yes&quot;,&quot;mute&quot;:&quot;yes&quot;,&quot;loop&quot;:&quot;yes&quot;,&quot;start&quot;:3,&quot;controls&quot;:&quot;yes&quot;}\" data-widget_type=\"video.default\">\n\t\t\t\t\t\t\t<div class=\"e-hosted-video elementor-wrapper elementor-open-inline\">\n\t\t\t\t\t<video class=\"elementor-video\" src=\"https:\/\/www.btm-europe.de\/wp-content\/uploads\/2022\/10\/clinchen_video.mp4#t=3\" autoplay=\"\" loop=\"\" controls=\"\" muted=\"muted\" playsinline=\"\"><\/video>\n\t\t\t\t<\/div>\n\t\t\t\t\t\t<\/div>\n\t\t\t\t\t<\/div>\n\t\t<\/div>\n\t\t\t\t\t<\/div>\n\t\t<\/section>\n\t\t\t\t<section class=\"elementor-section elementor-top-section elementor-element elementor-element-d6fe7af elementor-section-boxed elementor-section-height-default elementor-section-height-default\" data-id=\"d6fe7af\" data-element_type=\"section\" data-e-type=\"section\">\n\t\t\t\t\t\t<div class=\"elementor-container elementor-column-gap-default\">\n\t\t\t\t\t<div class=\"elementor-column elementor-col-100 elementor-top-column elementor-element elementor-element-9992ba2\" data-id=\"9992ba2\" data-element_type=\"column\" data-e-type=\"column\">\n\t\t\t<div class=\"elementor-widget-wrap elementor-element-populated\">\n\t\t\t\t\t\t<div class=\"elementor-element elementor-element-0bbbbd9 elementor-widget elementor-widget-image\" data-id=\"0bbbbd9\" data-element_type=\"widget\" data-e-type=\"widget\" data-widget_type=\"image.default\">\n\t\t\t\t\t\t\t\t\t\t\t\t\t\t\t<img fetchpriority=\"high\" decoding=\"async\" width=\"1024\" height=\"503\" src=\"https:\/\/www.btm-europe.de\/wp-content\/uploads\/2023\/07\/clinching-magyar-terkep.png\" class=\"attachment-large size-large wp-image-37085\" alt=\"clinching magyar terkep\" srcset=\"https:\/\/www.btm-europe.de\/wp-content\/uploads\/2023\/07\/clinching-magyar-terkep.png 1024w, https:\/\/www.btm-europe.de\/wp-content\/uploads\/2023\/07\/clinching-magyar-terkep-300x147.png 300w, https:\/\/www.btm-europe.de\/wp-content\/uploads\/2023\/07\/clinching-magyar-terkep-768x377.png 768w\" sizes=\"(max-width: 1024px) 100vw, 1024px\" \/>\t\t\t\t\t\t\t\t\t\t\t\t\t\t\t<\/div>\n\t\t\t\t\t<\/div>\n\t\t<\/div>\n\t\t\t\t\t<\/div>\n\t\t<\/section>\n\t\t\t\t<\/div>\n\t\t","protected":false},"excerpt":{"rendered":"<p>R\u00f6gz\u00edt\u00e9s BTM-r\u00f6gz\u00edt\u0151 rendszerekkel A k\u00fcl\u00f6nb\u00f6z\u0151 anyag\u00fa, vastags\u00e1g\u00fa, alak\u00edthat\u00f3s\u00e1g\u00fa \u00e9s m\u00e9ret\u0171 lemezek \u00e9s profilok \u00f6sszeilleszt\u00e9se. A megb\u00edzhat\u00f3 \u00e9s gazdas\u00e1gos elj\u00e1r\u00e1s stabil k\u00f6t\u00e9seket eredm\u00e9nyez, amelyek ellen\u00e1llnak a nagy statikus er\u0151knek \u00e9s a dinamikus ig\u00e9nybev\u00e9teleknek is. A BTM clinching rendszereket k\u00fcl\u00f6n\u00f6sen az jellemzi, hogy nem \u00e9rz\u00e9kenyek a lemezvastags\u00e1g \u00e9s a fel\u00fcleti bevonatok v\u00e1ltoz\u00e1saira, valamint hogy k\u00e9pesek sz\u00e1raz vagy [&hellip;]<\/p>\n","protected":false},"author":1,"featured_media":0,"parent":0,"menu_order":0,"comment_status":"closed","ping_status":"closed","template":"elementor_header_footer","meta":{"_acf_changed":false,"inline_featured_image":false,"site-sidebar-layout":"no-sidebar","site-content-layout":"page-builder","ast-site-content-layout":"full-width-container","site-content-style":"unboxed","site-sidebar-style":"unboxed","ast-global-header-display":"","ast-banner-title-visibility":"","ast-main-header-display":"","ast-hfb-above-header-display":"","ast-hfb-below-header-display":"","ast-hfb-mobile-header-display":"","site-post-title":"disabled","ast-breadcrumbs-content":"","ast-featured-img":"disabled","footer-sml-layout":"","ast-disable-related-posts":"","theme-transparent-header-meta":"default","adv-header-id-meta":"","stick-header-meta":"","header-above-stick-meta":"","header-main-stick-meta":"","header-below-stick-meta":"","astra-migrate-meta-layouts":"set","ast-page-background-enabled":"default","ast-page-background-meta":{"desktop":{"background-color":"var(--ast-global-color-4)","background-image":"","background-repeat":"repeat","background-position":"center center","background-size":"auto","background-attachment":"scroll","background-type":"","background-media":"","overlay-type":"","overlay-color":"","overlay-opacity":"","overlay-gradient":""},"tablet":{"background-color":"","background-image":"","background-repeat":"repeat","background-position":"center center","background-size":"auto","background-attachment":"scroll","background-type":"","background-media":"","overlay-type":"","overlay-color":"","overlay-opacity":"","overlay-gradient":""},"mobile":{"background-color":"","background-image":"","background-repeat":"repeat","background-position":"center center","background-size":"auto","background-attachment":"scroll","background-type":"","background-media":"","overlay-type":"","overlay-color":"","overlay-opacity":"","overlay-gradient":""}},"ast-content-background-meta":{"desktop":{"background-color":"var(--ast-global-color-5)","background-image":"","background-repeat":"repeat","background-position":"center center","background-size":"auto","background-attachment":"scroll","background-type":"","background-media":"","overlay-type":"","overlay-color":"","overlay-opacity":"","overlay-gradient":""},"tablet":{"background-color":"var(--ast-global-color-5)","background-image":"","background-repeat":"repeat","background-position":"center center","background-size":"auto","background-attachment":"scroll","background-type":"","background-media":"","overlay-type":"","overlay-color":"","overlay-opacity":"","overlay-gradient":""},"mobile":{"background-color":"var(--ast-global-color-5)","background-image":"","background-repeat":"repeat","background-position":"center center","background-size":"auto","background-attachment":"scroll","background-type":"","background-media":"","overlay-type":"","overlay-color":"","overlay-opacity":"","overlay-gradient":""}},"footnotes":""},"class_list":["post-28845","page","type-page","status-publish","hentry"],"acf":[],"yoast_head":"<!-- This site is optimized with the Yoast SEO plugin v27.0 - https:\/\/yoast.com\/product\/yoast-seo-wordpress\/ -->\n<title>Clinching - BTM Europe<\/title>\n<meta name=\"description\" content=\"Clinching - A BTM clinching rendszerek seg\u00edtenek leegyszer\u0171s\u00edteni a gy\u00e1rt\u00e1si folyamatokat, \u00e9s tiszt\u00e1bb\u00e1, k\u00f6rnyezetbar\u00e1tabb\u00e1 \u00e9s gazdas\u00e1gosabb\u00e1 teszik azokat.\" \/>\n<meta name=\"robots\" content=\"index, follow, max-snippet:-1, max-image-preview:large, max-video-preview:-1\" \/>\n<link rel=\"canonical\" href=\"https:\/\/www.btm-europe.de\/hu\/clinching\/\" \/>\n<script type=\"application\/ld+json\" class=\"yoast-schema-graph\">{\"@context\":\"https:\/\/schema.org\",\"@graph\":[{\"@type\":\"WebPage\",\"@id\":\"https:\/\/www.btm-europe.de\/hu\/clinching\/\",\"url\":\"https:\/\/www.btm-europe.de\/hu\/clinching\/\",\"name\":\"Clinching - BTM Europe\",\"isPartOf\":{\"@id\":\"https:\/\/www.btm-europe.de\/de\/#website\"},\"primaryImageOfPage\":{\"@id\":\"https:\/\/www.btm-europe.de\/hu\/clinching\/#primaryimage\"},\"image\":{\"@id\":\"https:\/\/www.btm-europe.de\/hu\/clinching\/#primaryimage\"},\"thumbnailUrl\":\"https:\/\/www.btm-europe.de\/wp-content\/uploads\/2023\/07\/clinching-magyar-terkep.png\",\"datePublished\":\"2023-07-03T06:56:15+00:00\",\"dateModified\":\"2025-08-13T05:13:54+00:00\",\"description\":\"Clinching - A BTM clinching rendszerek seg\u00edtenek leegyszer\u0171s\u00edteni a gy\u00e1rt\u00e1si folyamatokat, \u00e9s tiszt\u00e1bb\u00e1, k\u00f6rnyezetbar\u00e1tabb\u00e1 \u00e9s gazdas\u00e1gosabb\u00e1 teszik azokat.\",\"breadcrumb\":{\"@id\":\"https:\/\/www.btm-europe.de\/hu\/clinching\/#breadcrumb\"},\"inLanguage\":\"hu\",\"potentialAction\":[{\"@type\":\"ReadAction\",\"target\":[\"https:\/\/www.btm-europe.de\/hu\/clinching\/\"]}]},{\"@type\":\"ImageObject\",\"inLanguage\":\"hu\",\"@id\":\"https:\/\/www.btm-europe.de\/hu\/clinching\/#primaryimage\",\"url\":\"https:\/\/www.btm-europe.de\/wp-content\/uploads\/2023\/07\/clinching-magyar-terkep.png\",\"contentUrl\":\"https:\/\/www.btm-europe.de\/wp-content\/uploads\/2023\/07\/clinching-magyar-terkep.png\"},{\"@type\":\"BreadcrumbList\",\"@id\":\"https:\/\/www.btm-europe.de\/hu\/clinching\/#breadcrumb\",\"itemListElement\":[{\"@type\":\"ListItem\",\"position\":1,\"name\":\"Startseite\",\"item\":\"https:\/\/www.btm-europe.de\/en\/\"},{\"@type\":\"ListItem\",\"position\":2,\"name\":\"Clinching HU\"}]},{\"@type\":\"WebSite\",\"@id\":\"https:\/\/www.btm-europe.de\/de\/#website\",\"url\":\"https:\/\/www.btm-europe.de\/de\/\",\"name\":\"BTM Europe\",\"description\":\"\",\"publisher\":{\"@id\":\"https:\/\/www.btm-europe.de\/de\/#organization\"},\"potentialAction\":[{\"@type\":\"SearchAction\",\"target\":{\"@type\":\"EntryPoint\",\"urlTemplate\":\"https:\/\/www.btm-europe.de\/de\/?s={search_term_string}\"},\"query-input\":{\"@type\":\"PropertyValueSpecification\",\"valueRequired\":true,\"valueName\":\"search_term_string\"}}],\"inLanguage\":\"hu\"},{\"@type\":\"Organization\",\"@id\":\"https:\/\/www.btm-europe.de\/de\/#organization\",\"name\":\"BTM Europe\",\"url\":\"https:\/\/www.btm-europe.de\/de\/\",\"logo\":{\"@type\":\"ImageObject\",\"inLanguage\":\"hu\",\"@id\":\"https:\/\/www.btm-europe.de\/de\/#\/schema\/logo\/image\/\",\"url\":\"https:\/\/www.btm-europe.de\/wp-content\/uploads\/2023\/02\/btm-logo-rot.jpg\",\"contentUrl\":\"https:\/\/www.btm-europe.de\/wp-content\/uploads\/2023\/02\/btm-logo-rot.jpg\",\"width\":1000,\"height\":448,\"caption\":\"BTM Europe\"},\"image\":{\"@id\":\"https:\/\/www.btm-europe.de\/de\/#\/schema\/logo\/image\/\"},\"sameAs\":[\"https:\/\/www.linkedin.com\/company\/btmeurope\/?original_referer=httpswwwgooglecom&amp;amp;amp;amp;originalSubdomain=de\"]}]}<\/script>\n<!-- \/ Yoast SEO plugin. -->","yoast_head_json":{"title":"Clinching - BTM Europe","description":"Clinching - A BTM clinching rendszerek seg\u00edtenek leegyszer\u0171s\u00edteni a gy\u00e1rt\u00e1si folyamatokat, \u00e9s tiszt\u00e1bb\u00e1, k\u00f6rnyezetbar\u00e1tabb\u00e1 \u00e9s gazdas\u00e1gosabb\u00e1 teszik azokat.","robots":{"index":"index","follow":"follow","max-snippet":"max-snippet:-1","max-image-preview":"max-image-preview:large","max-video-preview":"max-video-preview:-1"},"canonical":"https:\/\/www.btm-europe.de\/hu\/clinching\/","schema":{"@context":"https:\/\/schema.org","@graph":[{"@type":"WebPage","@id":"https:\/\/www.btm-europe.de\/hu\/clinching\/","url":"https:\/\/www.btm-europe.de\/hu\/clinching\/","name":"Clinching - BTM Europe","isPartOf":{"@id":"https:\/\/www.btm-europe.de\/de\/#website"},"primaryImageOfPage":{"@id":"https:\/\/www.btm-europe.de\/hu\/clinching\/#primaryimage"},"image":{"@id":"https:\/\/www.btm-europe.de\/hu\/clinching\/#primaryimage"},"thumbnailUrl":"https:\/\/www.btm-europe.de\/wp-content\/uploads\/2023\/07\/clinching-magyar-terkep.png","datePublished":"2023-07-03T06:56:15+00:00","dateModified":"2025-08-13T05:13:54+00:00","description":"Clinching - A BTM clinching rendszerek seg\u00edtenek leegyszer\u0171s\u00edteni a gy\u00e1rt\u00e1si folyamatokat, \u00e9s tiszt\u00e1bb\u00e1, k\u00f6rnyezetbar\u00e1tabb\u00e1 \u00e9s gazdas\u00e1gosabb\u00e1 teszik azokat.","breadcrumb":{"@id":"https:\/\/www.btm-europe.de\/hu\/clinching\/#breadcrumb"},"inLanguage":"hu","potentialAction":[{"@type":"ReadAction","target":["https:\/\/www.btm-europe.de\/hu\/clinching\/"]}]},{"@type":"ImageObject","inLanguage":"hu","@id":"https:\/\/www.btm-europe.de\/hu\/clinching\/#primaryimage","url":"https:\/\/www.btm-europe.de\/wp-content\/uploads\/2023\/07\/clinching-magyar-terkep.png","contentUrl":"https:\/\/www.btm-europe.de\/wp-content\/uploads\/2023\/07\/clinching-magyar-terkep.png"},{"@type":"BreadcrumbList","@id":"https:\/\/www.btm-europe.de\/hu\/clinching\/#breadcrumb","itemListElement":[{"@type":"ListItem","position":1,"name":"Startseite","item":"https:\/\/www.btm-europe.de\/en\/"},{"@type":"ListItem","position":2,"name":"Clinching HU"}]},{"@type":"WebSite","@id":"https:\/\/www.btm-europe.de\/de\/#website","url":"https:\/\/www.btm-europe.de\/de\/","name":"BTM Europe","description":"","publisher":{"@id":"https:\/\/www.btm-europe.de\/de\/#organization"},"potentialAction":[{"@type":"SearchAction","target":{"@type":"EntryPoint","urlTemplate":"https:\/\/www.btm-europe.de\/de\/?s={search_term_string}"},"query-input":{"@type":"PropertyValueSpecification","valueRequired":true,"valueName":"search_term_string"}}],"inLanguage":"hu"},{"@type":"Organization","@id":"https:\/\/www.btm-europe.de\/de\/#organization","name":"BTM Europe","url":"https:\/\/www.btm-europe.de\/de\/","logo":{"@type":"ImageObject","inLanguage":"hu","@id":"https:\/\/www.btm-europe.de\/de\/#\/schema\/logo\/image\/","url":"https:\/\/www.btm-europe.de\/wp-content\/uploads\/2023\/02\/btm-logo-rot.jpg","contentUrl":"https:\/\/www.btm-europe.de\/wp-content\/uploads\/2023\/02\/btm-logo-rot.jpg","width":1000,"height":448,"caption":"BTM Europe"},"image":{"@id":"https:\/\/www.btm-europe.de\/de\/#\/schema\/logo\/image\/"},"sameAs":["https:\/\/www.linkedin.com\/company\/btmeurope\/?original_referer=httpswwwgooglecom&amp;amp;amp;amp;originalSubdomain=de"]}]}},"_links":{"self":[{"href":"https:\/\/www.btm-europe.de\/hu\/wp-json\/wp\/v2\/pages\/28845","targetHints":{"allow":["GET"]}}],"collection":[{"href":"https:\/\/www.btm-europe.de\/hu\/wp-json\/wp\/v2\/pages"}],"about":[{"href":"https:\/\/www.btm-europe.de\/hu\/wp-json\/wp\/v2\/types\/page"}],"author":[{"embeddable":true,"href":"https:\/\/www.btm-europe.de\/hu\/wp-json\/wp\/v2\/users\/1"}],"replies":[{"embeddable":true,"href":"https:\/\/www.btm-europe.de\/hu\/wp-json\/wp\/v2\/comments?post=28845"}],"version-history":[{"count":0,"href":"https:\/\/www.btm-europe.de\/hu\/wp-json\/wp\/v2\/pages\/28845\/revisions"}],"wp:attachment":[{"href":"https:\/\/www.btm-europe.de\/hu\/wp-json\/wp\/v2\/media?parent=28845"}],"curies":[{"name":"wp","href":"https:\/\/api.w.org\/{rel}","templated":true}]}}