{"id":16398,"date":"2023-01-14T15:30:06","date_gmt":"2023-01-14T14:30:06","guid":{"rendered":"https:\/\/www.btm-europe.de\/?page_id=16398"},"modified":"2023-02-02T12:02:31","modified_gmt":"2023-02-02T11:02:31","slug":"imprint","status":"publish","type":"page","link":"https:\/\/www.btm-europe.de\/en\/imprint\/","title":{"rendered":"Imprint"},"content":{"rendered":"<h1>Imprint<\/h1>\n<p><strong>BTM (Europe) Blechverbindungstechnik GmbH<br \/>\n<\/strong>Handwerker Stra\u00dfe 6<br \/>\n59597 Erwitte<br \/>\nDeutschland<\/p>\n<p>Tel.: 029439790-0<br \/>\nFax: 029439790-90<br \/>\nE-Mail: <a href=\"mailto:info@btm-europe.de\">info@btm-europe.de<\/a><\/p>\n<p>Registergericht: Amtsgericht Paderborn<br \/>\nRegisternummer: HRB 5854<\/p>\n<p>Gesch\u00e4ftsf\u00fchrer: Christian Bohnert, Hans Werner Fisch<\/p>\n<p>Umsatzsteuer-Identifikationsnummer gem\u00e4\u00df \u00a7 27 a Umsatzsteuergesetz: DE812502040<\/p>\n","protected":false},"excerpt":{"rendered":"<p>Imprint BTM (Europe) Blechverbindungstechnik GmbH Handwerker Stra\u00dfe 6 59597 Erwitte Deutschland Tel.: 029439790-0 Fax: 029439790-90 E-Mail: info@btm-europe.de Registergericht: Amtsgericht Paderborn Registernummer: HRB 5854 Gesch\u00e4ftsf\u00fchrer: Christian Bohnert, Hans Werner Fisch Umsatzsteuer-Identifikationsnummer gem\u00e4\u00df \u00a7 27 a Umsatzsteuergesetz: DE812502040<\/p>\n","protected":false},"author":1,"featured_media":0,"parent":0,"menu_order":0,"comment_status":"closed","ping_status":"closed","template":"","meta":{"_acf_changed":false,"inline_featured_image":false,"site-sidebar-layout":"default","site-content-layout":"default","ast-site-content-layout":"default","site-content-style":"default","site-sidebar-style":"default","ast-global-header-display":"","ast-banner-title-visibility":"","ast-main-header-display":"","ast-hfb-above-header-display":"","ast-hfb-below-header-display":"","ast-hfb-mobile-header-display":"","site-post-title":"disabled","ast-breadcrumbs-content":"","ast-featured-img":"","footer-sml-layout":"","ast-disable-related-posts":"","theme-transparent-header-meta":"default","adv-header-id-meta":"","stick-header-meta":"","header-above-stick-meta":"","header-main-stick-meta":"","header-below-stick-meta":"","astra-migrate-meta-layouts":"default","ast-page-background-enabled":"default","ast-page-background-meta":{"desktop":{"background-color":"var(--ast-global-color-4)","background-image":"","background-repeat":"repeat","background-position":"center center","background-size":"auto","background-attachment":"scroll","background-type":"","background-media":"","overlay-type":"","overlay-color":"","overlay-opacity":"","overlay-gradient":""},"tablet":{"background-color":"","background-image":"","background-repeat":"repeat","background-position":"center center","background-size":"auto","background-attachment":"scroll","background-type":"","background-media":"","overlay-type":"","overlay-color":"","overlay-opacity":"","overlay-gradient":""},"mobile":{"background-color":"","background-image":"","background-repeat":"repeat","background-position":"center center","background-size":"auto","background-attachment":"scroll","background-type":"","background-media":"","overlay-type":"","overlay-color":"","overlay-opacity":"","overlay-gradient":""}},"ast-content-background-meta":{"desktop":{"background-color":"var(--ast-global-color-5)","background-image":"","background-repeat":"repeat","background-position":"center center","background-size":"auto","background-attachment":"scroll","background-type":"","background-media":"","overlay-type":"","overlay-color":"","overlay-opacity":"","overlay-gradient":""},"tablet":{"background-color":"var(--ast-global-color-5)","background-image":"","background-repeat":"repeat","background-position":"center center","background-size":"auto","background-attachment":"scroll","background-type":"","background-media":"","overlay-type":"","overlay-color":"","overlay-opacity":"","overlay-gradient":""},"mobile":{"background-color":"var(--ast-global-color-5)","background-image":"","background-repeat":"repeat","background-position":"center center","background-size":"auto","background-attachment":"scroll","background-type":"","background-media":"","overlay-type":"","overlay-color":"","overlay-opacity":"","overlay-gradient":""}},"footnotes":""},"class_list":["post-16398","page","type-page","status-publish","hentry"],"acf":[],"yoast_head":"<!-- This site is optimized with the Yoast SEO plugin v27.0 - https:\/\/yoast.com\/product\/yoast-seo-wordpress\/ -->\n<title>Imprint - BTM Europe<\/title>\n<meta name=\"description\" content=\"Imprint - BTM Europe BTM (Europe) Blechverbindungstechnik GmbH - Imprint BTM Europe\" \/>\n<meta name=\"robots\" content=\"index, follow, max-snippet:-1, max-image-preview:large, max-video-preview:-1\" \/>\n<link rel=\"canonical\" href=\"https:\/\/www.btm-europe.de\/en\/imprint\/\" \/>\n<script type=\"application\/ld+json\" class=\"yoast-schema-graph\">{\"@context\":\"https:\/\/schema.org\",\"@graph\":[{\"@type\":\"WebPage\",\"@id\":\"https:\/\/www.btm-europe.de\/en\/imprint\/\",\"url\":\"https:\/\/www.btm-europe.de\/en\/imprint\/\",\"name\":\"Imprint - BTM Europe\",\"isPartOf\":{\"@id\":\"https:\/\/www.btm-europe.de\/de\/#website\"},\"datePublished\":\"2023-01-14T14:30:06+00:00\",\"dateModified\":\"2023-02-02T11:02:31+00:00\",\"description\":\"Imprint - BTM Europe BTM (Europe) Blechverbindungstechnik GmbH - Imprint BTM Europe\",\"breadcrumb\":{\"@id\":\"https:\/\/www.btm-europe.de\/en\/imprint\/#breadcrumb\"},\"inLanguage\":\"en-US\",\"potentialAction\":[{\"@type\":\"ReadAction\",\"target\":[\"https:\/\/www.btm-europe.de\/en\/imprint\/\"]}]},{\"@type\":\"BreadcrumbList\",\"@id\":\"https:\/\/www.btm-europe.de\/en\/imprint\/#breadcrumb\",\"itemListElement\":[{\"@type\":\"ListItem\",\"position\":1,\"name\":\"Startseite\",\"item\":\"https:\/\/www.btm-europe.de\/en\/\"},{\"@type\":\"ListItem\",\"position\":2,\"name\":\"Imprint\"}]},{\"@type\":\"WebSite\",\"@id\":\"https:\/\/www.btm-europe.de\/de\/#website\",\"url\":\"https:\/\/www.btm-europe.de\/de\/\",\"name\":\"BTM Europe\",\"description\":\"Eine weitere WordPress-Website\",\"publisher\":{\"@id\":\"https:\/\/www.btm-europe.de\/de\/#organization\"},\"potentialAction\":[{\"@type\":\"SearchAction\",\"target\":{\"@type\":\"EntryPoint\",\"urlTemplate\":\"https:\/\/www.btm-europe.de\/de\/?s={search_term_string}\"},\"query-input\":{\"@type\":\"PropertyValueSpecification\",\"valueRequired\":true,\"valueName\":\"search_term_string\"}}],\"inLanguage\":\"en-US\"},{\"@type\":\"Organization\",\"@id\":\"https:\/\/www.btm-europe.de\/de\/#organization\",\"name\":\"BTM Europe\",\"url\":\"https:\/\/www.btm-europe.de\/de\/\",\"logo\":{\"@type\":\"ImageObject\",\"inLanguage\":\"en-US\",\"@id\":\"https:\/\/www.btm-europe.de\/de\/#\/schema\/logo\/image\/\",\"url\":\"https:\/\/www.btm-europe.de\/wp-content\/uploads\/2023\/02\/btm-logo-rot.jpg\",\"contentUrl\":\"https:\/\/www.btm-europe.de\/wp-content\/uploads\/2023\/02\/btm-logo-rot.jpg\",\"width\":1000,\"height\":448,\"caption\":\"BTM Europe\"},\"image\":{\"@id\":\"https:\/\/www.btm-europe.de\/de\/#\/schema\/logo\/image\/\"},\"sameAs\":[\"https:\/\/www.linkedin.com\/company\/btmeurope\/?original_referer=httpswwwgooglecom&amp;amp;amp;amp;originalSubdomain=de\"]}]}<\/script>\n<!-- \/ Yoast SEO plugin. -->","yoast_head_json":{"title":"Imprint - BTM Europe","description":"Imprint - BTM Europe BTM (Europe) Blechverbindungstechnik GmbH - Imprint BTM Europe","robots":{"index":"index","follow":"follow","max-snippet":"max-snippet:-1","max-image-preview":"max-image-preview:large","max-video-preview":"max-video-preview:-1"},"canonical":"https:\/\/www.btm-europe.de\/en\/imprint\/","schema":{"@context":"https:\/\/schema.org","@graph":[{"@type":"WebPage","@id":"https:\/\/www.btm-europe.de\/en\/imprint\/","url":"https:\/\/www.btm-europe.de\/en\/imprint\/","name":"Imprint - BTM Europe","isPartOf":{"@id":"https:\/\/www.btm-europe.de\/de\/#website"},"datePublished":"2023-01-14T14:30:06+00:00","dateModified":"2023-02-02T11:02:31+00:00","description":"Imprint - BTM Europe BTM (Europe) Blechverbindungstechnik GmbH - Imprint BTM Europe","breadcrumb":{"@id":"https:\/\/www.btm-europe.de\/en\/imprint\/#breadcrumb"},"inLanguage":"en-US","potentialAction":[{"@type":"ReadAction","target":["https:\/\/www.btm-europe.de\/en\/imprint\/"]}]},{"@type":"BreadcrumbList","@id":"https:\/\/www.btm-europe.de\/en\/imprint\/#breadcrumb","itemListElement":[{"@type":"ListItem","position":1,"name":"Startseite","item":"https:\/\/www.btm-europe.de\/en\/"},{"@type":"ListItem","position":2,"name":"Imprint"}]},{"@type":"WebSite","@id":"https:\/\/www.btm-europe.de\/de\/#website","url":"https:\/\/www.btm-europe.de\/de\/","name":"BTM Europe","description":"Eine weitere WordPress-Website","publisher":{"@id":"https:\/\/www.btm-europe.de\/de\/#organization"},"potentialAction":[{"@type":"SearchAction","target":{"@type":"EntryPoint","urlTemplate":"https:\/\/www.btm-europe.de\/de\/?s={search_term_string}"},"query-input":{"@type":"PropertyValueSpecification","valueRequired":true,"valueName":"search_term_string"}}],"inLanguage":"en-US"},{"@type":"Organization","@id":"https:\/\/www.btm-europe.de\/de\/#organization","name":"BTM Europe","url":"https:\/\/www.btm-europe.de\/de\/","logo":{"@type":"ImageObject","inLanguage":"en-US","@id":"https:\/\/www.btm-europe.de\/de\/#\/schema\/logo\/image\/","url":"https:\/\/www.btm-europe.de\/wp-content\/uploads\/2023\/02\/btm-logo-rot.jpg","contentUrl":"https:\/\/www.btm-europe.de\/wp-content\/uploads\/2023\/02\/btm-logo-rot.jpg","width":1000,"height":448,"caption":"BTM Europe"},"image":{"@id":"https:\/\/www.btm-europe.de\/de\/#\/schema\/logo\/image\/"},"sameAs":["https:\/\/www.linkedin.com\/company\/btmeurope\/?original_referer=httpswwwgooglecom&amp;amp;amp;amp;originalSubdomain=de"]}]}},"_links":{"self":[{"href":"https:\/\/www.btm-europe.de\/en\/wp-json\/wp\/v2\/pages\/16398","targetHints":{"allow":["GET"]}}],"collection":[{"href":"https:\/\/www.btm-europe.de\/en\/wp-json\/wp\/v2\/pages"}],"about":[{"href":"https:\/\/www.btm-europe.de\/en\/wp-json\/wp\/v2\/types\/page"}],"author":[{"embeddable":true,"href":"https:\/\/www.btm-europe.de\/en\/wp-json\/wp\/v2\/users\/1"}],"replies":[{"embeddable":true,"href":"https:\/\/www.btm-europe.de\/en\/wp-json\/wp\/v2\/comments?post=16398"}],"version-history":[{"count":0,"href":"https:\/\/www.btm-europe.de\/en\/wp-json\/wp\/v2\/pages\/16398\/revisions"}],"wp:attachment":[{"href":"https:\/\/www.btm-europe.de\/en\/wp-json\/wp\/v2\/media?parent=16398"}],"curies":[{"name":"wp","href":"https:\/\/api.w.org\/{rel}","templated":true}]}}