{"id":62349,"date":"2025-12-10T15:16:47","date_gmt":"2025-12-10T14:16:47","guid":{"rendered":"https:\/\/www.btm-europe.de\/?page_id=62349"},"modified":"2025-12-10T15:44:38","modified_gmt":"2025-12-10T14:44:38","slug":"vertretungen","status":"publish","type":"page","link":"https:\/\/www.btm-europe.de\/de\/vertretungen\/","title":{"rendered":"Vertretungen"},"content":{"rendered":"\t\t<div data-elementor-type=\"wp-page\" data-elementor-id=\"62349\" class=\"elementor elementor-62349\" data-elementor-settings=\"{&quot;ha_cmc_init_switcher&quot;:&quot;no&quot;}\" data-elementor-post-type=\"page\">\n\t\t\t\t\t\t<section class=\"elementor-section elementor-top-section elementor-element elementor-element-978bcd7 elementor-section-boxed elementor-section-height-default elementor-section-height-default\" data-id=\"978bcd7\" data-element_type=\"section\" data-e-type=\"section\" data-settings=\"{&quot;background_background&quot;:&quot;classic&quot;}\">\n\t\t\t\t\t\t<div class=\"elementor-container elementor-column-gap-default\">\n\t\t\t\t\t<div class=\"elementor-column elementor-col-100 elementor-top-column elementor-element elementor-element-dbe4cc4\" data-id=\"dbe4cc4\" data-element_type=\"column\" data-e-type=\"column\">\n\t\t\t<div class=\"elementor-widget-wrap elementor-element-populated\">\n\t\t\t\t\t\t<div data-dce-title-color=\"#FFFFFF\" class=\"elementor-element elementor-element-87b9496 elementor-widget elementor-widget-heading\" data-id=\"87b9496\" data-element_type=\"widget\" data-e-type=\"widget\" data-widget_type=\"heading.default\">\n\t\t\t\t\t<h1 class=\"elementor-heading-title elementor-size-default\">Unsere Vertriebspartner Weltweit<\/h1>\t\t\t\t<\/div>\n\t\t\t\t\t<\/div>\n\t\t<\/div>\n\t\t\t\t\t<\/div>\n\t\t<\/section>\n\t\t\t\t<section class=\"elementor-section elementor-top-section elementor-element elementor-element-054049f elementor-section-boxed elementor-section-height-default elementor-section-height-default\" data-id=\"054049f\" data-element_type=\"section\" data-e-type=\"section\">\n\t\t\t\t\t\t<div class=\"elementor-container elementor-column-gap-default\">\n\t\t\t\t\t<div class=\"elementor-column elementor-col-33 elementor-top-column elementor-element elementor-element-b9d468a\" data-id=\"b9d468a\" data-element_type=\"column\" data-e-type=\"column\">\n\t\t\t<div class=\"elementor-widget-wrap elementor-element-populated\">\n\t\t\t\t\t\t<div class=\"elementor-element elementor-element-6fd8137 elementor-widget elementor-widget-image\" data-id=\"6fd8137\" data-element_type=\"widget\" data-e-type=\"widget\" data-widget_type=\"image.default\">\n\t\t\t\t\t\t\t\t\t\t\t\t\t\t\t<img fetchpriority=\"high\" decoding=\"async\" width=\"1024\" height=\"307\" src=\"https:\/\/www.btm-europe.de\/wp-content\/uploads\/2025\/12\/dk-power-logo-01_png-1024x307.png\" class=\"attachment-large size-large wp-image-62352\" alt=\"\" srcset=\"https:\/\/www.btm-europe.de\/wp-content\/uploads\/2025\/12\/dk-power-logo-01_png-1024x307.png 1024w, https:\/\/www.btm-europe.de\/wp-content\/uploads\/2025\/12\/dk-power-logo-01_png-300x90.png 300w, https:\/\/www.btm-europe.de\/wp-content\/uploads\/2025\/12\/dk-power-logo-01_png-768x230.png 768w, https:\/\/www.btm-europe.de\/wp-content\/uploads\/2025\/12\/dk-power-logo-01_png-1536x461.png 1536w, https:\/\/www.btm-europe.de\/wp-content\/uploads\/2025\/12\/dk-power-logo-01_png-2048x614.png 2048w\" sizes=\"(max-width: 1024px) 100vw, 1024px\" \/>\t\t\t\t\t\t\t\t\t\t\t\t\t\t\t<\/div>\n\t\t\t\t\t<\/div>\n\t\t<\/div>\n\t\t\t\t<div class=\"elementor-column elementor-col-66 elementor-top-column elementor-element elementor-element-44aec42\" data-id=\"44aec42\" data-element_type=\"column\" data-e-type=\"column\">\n\t\t\t<div class=\"elementor-widget-wrap elementor-element-populated\">\n\t\t\t\t\t\t<div class=\"elementor-element elementor-element-5988e6e elementor-widget elementor-widget-heading\" data-id=\"5988e6e\" data-element_type=\"widget\" data-e-type=\"widget\" data-widget_type=\"heading.default\">\n\t\t\t\t\t<h2 class=\"elementor-heading-title elementor-size-default\">Vertriebspartner T\u00fcrkei: <strong>Dk-otomayson<\/strong><\/h2>\t\t\t\t<\/div>\n\t\t\t\t<div class=\"elementor-element elementor-element-07d9a06 elementor-widget elementor-widget-text-editor\" data-id=\"07d9a06\" data-element_type=\"widget\" data-e-type=\"widget\" data-widget_type=\"text-editor.default\">\n\t\t\t\t\t\t\t\t\t<p>dk Otomasyon mit Sitz in Bursa ist seit vielen Jahren ein etablierter Vertriebspartner f\u00fcr BTM-Produkte auf dem t\u00fcrkischen Markt. Das Unternehmen vertreibt und betreut dort s\u00e4mtliche BTM-Clinchsysteme und Zubeh\u00f6r \u2013 von mobilen Clinchzangen \u00fcber pneumatische und hydraulische Ger\u00e4te bis hin zu kompletten Press- und Automationsl\u00f6sungen. Mit seiner langj\u00e4hrigen Erfahrung in der Maschinen- und Automatisierungstechnik und seinem internationalen Fokus \u2013 inklusive Teilnahme an mehreren Auslandsmessen pro Jahr \u2013 ist dk Otomasyon unser verl\u00e4sslicher Ansprechpartner f\u00fcr Kunden in der T\u00fcrkei.<br \/><strong>Kontakt:<\/strong> <a href=\"mailto:dk@dk-power.com\">dk@dk-power.com<\/a><\/p>\t\t\t\t\t\t\t\t<\/div>\n\t\t\t\t<div class=\"elementor-element elementor-element-86870f8 elementor-widget elementor-widget-button\" data-id=\"86870f8\" data-element_type=\"widget\" data-e-type=\"widget\" data-widget_type=\"button.default\">\n\t\t\t\t\t\t\t\t\t\t<a class=\"elementor-button elementor-button-link elementor-size-sm\" href=\"https:\/\/www.dk-power.com\/TR\/Default.html\" target=\"_blank\" rel=\"nofollow\">\n\t\t\t\t\t\t<span class=\"elementor-button-content-wrapper\">\n\t\t\t\t\t\t\t\t\t<span class=\"elementor-button-text\">Zur Website des Partners<\/span>\n\t\t\t\t\t<\/span>\n\t\t\t\t\t<\/a>\n\t\t\t\t\t\t\t\t<\/div>\n\t\t\t\t\t<\/div>\n\t\t<\/div>\n\t\t\t\t\t<\/div>\n\t\t<\/section>\n\t\t\t\t<\/div>\n\t\t","protected":false},"excerpt":{"rendered":"<p>Unsere Vertriebspartner Weltweit Vertriebspartner T\u00fcrkei: Dk-otomayson dk Otomasyon mit Sitz in Bursa ist seit vielen Jahren ein etablierter Vertriebspartner f\u00fcr BTM-Produkte auf dem t\u00fcrkischen Markt. Das Unternehmen vertreibt und betreut dort s\u00e4mtliche BTM-Clinchsysteme und Zubeh\u00f6r \u2013 von mobilen Clinchzangen \u00fcber pneumatische und hydraulische Ger\u00e4te bis hin zu kompletten Press- und Automationsl\u00f6sungen. Mit seiner langj\u00e4hrigen Erfahrung [&hellip;]<\/p>\n","protected":false},"author":1,"featured_media":0,"parent":0,"menu_order":0,"comment_status":"closed","ping_status":"closed","template":"","meta":{"_acf_changed":false,"inline_featured_image":false,"site-sidebar-layout":"no-sidebar","site-content-layout":"page-builder","ast-site-content-layout":"full-width-container","site-content-style":"default","site-sidebar-style":"default","ast-global-header-display":"","ast-banner-title-visibility":"","ast-main-header-display":"","ast-hfb-above-header-display":"","ast-hfb-below-header-display":"","ast-hfb-mobile-header-display":"","site-post-title":"","ast-breadcrumbs-content":"","ast-featured-img":"disabled","footer-sml-layout":"","ast-disable-related-posts":"","theme-transparent-header-meta":"default","adv-header-id-meta":"","stick-header-meta":"","header-above-stick-meta":"","header-main-stick-meta":"","header-below-stick-meta":"","astra-migrate-meta-layouts":"set","ast-page-background-enabled":"default","ast-page-background-meta":{"desktop":{"background-color":"var(--ast-global-color-4)","background-image":"","background-repeat":"repeat","background-position":"center center","background-size":"auto","background-attachment":"scroll","background-type":"","background-media":"","overlay-type":"","overlay-color":"","overlay-opacity":"","overlay-gradient":""},"tablet":{"background-color":"","background-image":"","background-repeat":"repeat","background-position":"center center","background-size":"auto","background-attachment":"scroll","background-type":"","background-media":"","overlay-type":"","overlay-color":"","overlay-opacity":"","overlay-gradient":""},"mobile":{"background-color":"","background-image":"","background-repeat":"repeat","background-position":"center center","background-size":"auto","background-attachment":"scroll","background-type":"","background-media":"","overlay-type":"","overlay-color":"","overlay-opacity":"","overlay-gradient":""}},"ast-content-background-meta":{"desktop":{"background-color":"var(--ast-global-color-5)","background-image":"","background-repeat":"repeat","background-position":"center center","background-size":"auto","background-attachment":"scroll","background-type":"","background-media":"","overlay-type":"","overlay-color":"","overlay-opacity":"","overlay-gradient":""},"tablet":{"background-color":"var(--ast-global-color-5)","background-image":"","background-repeat":"repeat","background-position":"center center","background-size":"auto","background-attachment":"scroll","background-type":"","background-media":"","overlay-type":"","overlay-color":"","overlay-opacity":"","overlay-gradient":""},"mobile":{"background-color":"var(--ast-global-color-5)","background-image":"","background-repeat":"repeat","background-position":"center center","background-size":"auto","background-attachment":"scroll","background-type":"","background-media":"","overlay-type":"","overlay-color":"","overlay-opacity":"","overlay-gradient":""}},"footnotes":""},"class_list":["post-62349","page","type-page","status-publish","hentry"],"acf":[],"yoast_head":"<!-- This site is optimized with the Yoast SEO plugin v27.0 - https:\/\/yoast.com\/product\/yoast-seo-wordpress\/ -->\n<title>Vertretungen - BTM Europe<\/title>\n<meta name=\"description\" content=\"Vertretungen - BTM-Clinchsysteme tragen dazu bei, Fertigungsprozesse zu vereinfachen und sie sauberer, umweltfreundlicher und wirtschaftlicher zu gestalten.\" \/>\n<meta name=\"robots\" content=\"index, follow, max-snippet:-1, max-image-preview:large, max-video-preview:-1\" \/>\n<link rel=\"canonical\" href=\"https:\/\/www.btm-europe.de\/de\/vertretungen\/\" \/>\n<script type=\"application\/ld+json\" class=\"yoast-schema-graph\">{\"@context\":\"https:\/\/schema.org\",\"@graph\":[{\"@type\":\"WebPage\",\"@id\":\"https:\/\/www.btm-europe.de\/de\/vertretungen\/\",\"url\":\"https:\/\/www.btm-europe.de\/de\/vertretungen\/\",\"name\":\"Vertretungen - BTM Europe\",\"isPartOf\":{\"@id\":\"https:\/\/www.btm-europe.de\/de\/#website\"},\"primaryImageOfPage\":{\"@id\":\"https:\/\/www.btm-europe.de\/de\/vertretungen\/#primaryimage\"},\"image\":{\"@id\":\"https:\/\/www.btm-europe.de\/de\/vertretungen\/#primaryimage\"},\"thumbnailUrl\":\"https:\/\/www.btm-europe.de\/wp-content\/uploads\/2025\/12\/dk-power-logo-01_png-1024x307.png\",\"datePublished\":\"2025-12-10T14:16:47+00:00\",\"dateModified\":\"2025-12-10T14:44:38+00:00\",\"description\":\"Vertretungen - BTM-Clinchsysteme tragen dazu bei, Fertigungsprozesse zu vereinfachen und sie sauberer, umweltfreundlicher und wirtschaftlicher zu gestalten.\",\"breadcrumb\":{\"@id\":\"https:\/\/www.btm-europe.de\/de\/vertretungen\/#breadcrumb\"},\"inLanguage\":\"de\",\"potentialAction\":[{\"@type\":\"ReadAction\",\"target\":[\"https:\/\/www.btm-europe.de\/de\/vertretungen\/\"]}]},{\"@type\":\"ImageObject\",\"inLanguage\":\"de\",\"@id\":\"https:\/\/www.btm-europe.de\/de\/vertretungen\/#primaryimage\",\"url\":\"https:\/\/www.btm-europe.de\/wp-content\/uploads\/2025\/12\/dk-power-logo-01_png-1024x307.png\",\"contentUrl\":\"https:\/\/www.btm-europe.de\/wp-content\/uploads\/2025\/12\/dk-power-logo-01_png-1024x307.png\"},{\"@type\":\"BreadcrumbList\",\"@id\":\"https:\/\/www.btm-europe.de\/de\/vertretungen\/#breadcrumb\",\"itemListElement\":[{\"@type\":\"ListItem\",\"position\":1,\"name\":\"Startseite\",\"item\":\"https:\/\/www.btm-europe.de\/de\/\"},{\"@type\":\"ListItem\",\"position\":2,\"name\":\"Vertretungen\"}]},{\"@type\":\"WebSite\",\"@id\":\"https:\/\/www.btm-europe.de\/de\/#website\",\"url\":\"https:\/\/www.btm-europe.de\/de\/\",\"name\":\"BTM Europe\",\"description\":\"\",\"publisher\":{\"@id\":\"https:\/\/www.btm-europe.de\/de\/#organization\"},\"potentialAction\":[{\"@type\":\"SearchAction\",\"target\":{\"@type\":\"EntryPoint\",\"urlTemplate\":\"https:\/\/www.btm-europe.de\/de\/?s={search_term_string}\"},\"query-input\":{\"@type\":\"PropertyValueSpecification\",\"valueRequired\":true,\"valueName\":\"search_term_string\"}}],\"inLanguage\":\"de\"},{\"@type\":\"Organization\",\"@id\":\"https:\/\/www.btm-europe.de\/de\/#organization\",\"name\":\"BTM Europe\",\"url\":\"https:\/\/www.btm-europe.de\/de\/\",\"logo\":{\"@type\":\"ImageObject\",\"inLanguage\":\"de\",\"@id\":\"https:\/\/www.btm-europe.de\/de\/#\/schema\/logo\/image\/\",\"url\":\"https:\/\/www.btm-europe.de\/wp-content\/uploads\/2023\/02\/btm-logo-rot.jpg\",\"contentUrl\":\"https:\/\/www.btm-europe.de\/wp-content\/uploads\/2023\/02\/btm-logo-rot.jpg\",\"width\":1000,\"height\":448,\"caption\":\"BTM Europe\"},\"image\":{\"@id\":\"https:\/\/www.btm-europe.de\/de\/#\/schema\/logo\/image\/\"},\"sameAs\":[\"https:\/\/www.linkedin.com\/company\/btmeurope\/?original_referer=httpswwwgooglecom&amp;amp;amp;amp;originalSubdomain=de\"]}]}<\/script>\n<!-- \/ Yoast SEO plugin. -->","yoast_head_json":{"title":"Vertretungen - BTM Europe","description":"Vertretungen - BTM-Clinchsysteme tragen dazu bei, Fertigungsprozesse zu vereinfachen und sie sauberer, umweltfreundlicher und wirtschaftlicher zu gestalten.","robots":{"index":"index","follow":"follow","max-snippet":"max-snippet:-1","max-image-preview":"max-image-preview:large","max-video-preview":"max-video-preview:-1"},"canonical":"https:\/\/www.btm-europe.de\/de\/vertretungen\/","schema":{"@context":"https:\/\/schema.org","@graph":[{"@type":"WebPage","@id":"https:\/\/www.btm-europe.de\/de\/vertretungen\/","url":"https:\/\/www.btm-europe.de\/de\/vertretungen\/","name":"Vertretungen - BTM Europe","isPartOf":{"@id":"https:\/\/www.btm-europe.de\/de\/#website"},"primaryImageOfPage":{"@id":"https:\/\/www.btm-europe.de\/de\/vertretungen\/#primaryimage"},"image":{"@id":"https:\/\/www.btm-europe.de\/de\/vertretungen\/#primaryimage"},"thumbnailUrl":"https:\/\/www.btm-europe.de\/wp-content\/uploads\/2025\/12\/dk-power-logo-01_png-1024x307.png","datePublished":"2025-12-10T14:16:47+00:00","dateModified":"2025-12-10T14:44:38+00:00","description":"Vertretungen - BTM-Clinchsysteme tragen dazu bei, Fertigungsprozesse zu vereinfachen und sie sauberer, umweltfreundlicher und wirtschaftlicher zu gestalten.","breadcrumb":{"@id":"https:\/\/www.btm-europe.de\/de\/vertretungen\/#breadcrumb"},"inLanguage":"de","potentialAction":[{"@type":"ReadAction","target":["https:\/\/www.btm-europe.de\/de\/vertretungen\/"]}]},{"@type":"ImageObject","inLanguage":"de","@id":"https:\/\/www.btm-europe.de\/de\/vertretungen\/#primaryimage","url":"https:\/\/www.btm-europe.de\/wp-content\/uploads\/2025\/12\/dk-power-logo-01_png-1024x307.png","contentUrl":"https:\/\/www.btm-europe.de\/wp-content\/uploads\/2025\/12\/dk-power-logo-01_png-1024x307.png"},{"@type":"BreadcrumbList","@id":"https:\/\/www.btm-europe.de\/de\/vertretungen\/#breadcrumb","itemListElement":[{"@type":"ListItem","position":1,"name":"Startseite","item":"https:\/\/www.btm-europe.de\/de\/"},{"@type":"ListItem","position":2,"name":"Vertretungen"}]},{"@type":"WebSite","@id":"https:\/\/www.btm-europe.de\/de\/#website","url":"https:\/\/www.btm-europe.de\/de\/","name":"BTM Europe","description":"","publisher":{"@id":"https:\/\/www.btm-europe.de\/de\/#organization"},"potentialAction":[{"@type":"SearchAction","target":{"@type":"EntryPoint","urlTemplate":"https:\/\/www.btm-europe.de\/de\/?s={search_term_string}"},"query-input":{"@type":"PropertyValueSpecification","valueRequired":true,"valueName":"search_term_string"}}],"inLanguage":"de"},{"@type":"Organization","@id":"https:\/\/www.btm-europe.de\/de\/#organization","name":"BTM Europe","url":"https:\/\/www.btm-europe.de\/de\/","logo":{"@type":"ImageObject","inLanguage":"de","@id":"https:\/\/www.btm-europe.de\/de\/#\/schema\/logo\/image\/","url":"https:\/\/www.btm-europe.de\/wp-content\/uploads\/2023\/02\/btm-logo-rot.jpg","contentUrl":"https:\/\/www.btm-europe.de\/wp-content\/uploads\/2023\/02\/btm-logo-rot.jpg","width":1000,"height":448,"caption":"BTM Europe"},"image":{"@id":"https:\/\/www.btm-europe.de\/de\/#\/schema\/logo\/image\/"},"sameAs":["https:\/\/www.linkedin.com\/company\/btmeurope\/?original_referer=httpswwwgooglecom&amp;amp;amp;amp;originalSubdomain=de"]}]}},"_links":{"self":[{"href":"https:\/\/www.btm-europe.de\/de\/wp-json\/wp\/v2\/pages\/62349","targetHints":{"allow":["GET"]}}],"collection":[{"href":"https:\/\/www.btm-europe.de\/de\/wp-json\/wp\/v2\/pages"}],"about":[{"href":"https:\/\/www.btm-europe.de\/de\/wp-json\/wp\/v2\/types\/page"}],"author":[{"embeddable":true,"href":"https:\/\/www.btm-europe.de\/de\/wp-json\/wp\/v2\/users\/1"}],"replies":[{"embeddable":true,"href":"https:\/\/www.btm-europe.de\/de\/wp-json\/wp\/v2\/comments?post=62349"}],"version-history":[{"count":0,"href":"https:\/\/www.btm-europe.de\/de\/wp-json\/wp\/v2\/pages\/62349\/revisions"}],"wp:attachment":[{"href":"https:\/\/www.btm-europe.de\/de\/wp-json\/wp\/v2\/media?parent=62349"}],"curies":[{"name":"wp","href":"https:\/\/api.w.org\/{rel}","templated":true}]}}